{"id":363,"date":"2020-06-12T07:22:42","date_gmt":"2020-06-12T05:22:42","guid":{"rendered":"http:\/\/www.mytextilecompany.com\/?page_id=363"},"modified":"2025-12-03T16:19:35","modified_gmt":"2025-12-03T15:19:35","slug":"mentionslegales","status":"publish","type":"page","link":"https:\/\/www.mytextilecompany.com\/index.php\/mentionslegales\/","title":{"rendered":"Mentions l\u00e9gales"},"content":{"rendered":"\t\t<div data-elementor-type=\"wp-post\" data-elementor-id=\"363\" class=\"elementor elementor-363\" data-elementor-post-type=\"page\">\n\t\t\t\t\t\t<section class=\"elementor-section elementor-top-section elementor-element elementor-element-4951c2f0 elementor-section-content-middle elementor-section-boxed elementor-section-height-default elementor-section-height-default\" data-id=\"4951c2f0\" data-element_type=\"section\" data-e-type=\"section\" data-settings=\"{&quot;background_background&quot;:&quot;classic&quot;}\">\n\t\t\t\t\t\t\t<div class=\"elementor-background-overlay\"><\/div>\n\t\t\t\t\t\t\t<div class=\"elementor-container elementor-column-gap-default\">\n\t\t\t\t\t<div class=\"elementor-column elementor-col-100 elementor-top-column elementor-element elementor-element-51613e96\" data-id=\"51613e96\" data-element_type=\"column\" data-e-type=\"column\">\n\t\t\t<div class=\"elementor-widget-wrap elementor-element-populated\">\n\t\t\t\t\t\t<div class=\"elementor-element elementor-element-2bf35ca8 elementor-widget elementor-widget-heading\" data-id=\"2bf35ca8\" data-element_type=\"widget\" data-e-type=\"widget\" data-widget_type=\"heading.default\">\n\t\t\t\t<div class=\"elementor-widget-container\">\n\t\t\t\t\t<h4 class=\"elementor-heading-title elementor-size-default\">POLITIQUE DE CONFIDENTIALIT\u00c9<\/h4>\t\t\t\t<\/div>\n\t\t\t\t<\/div>\n\t\t\t\t<div class=\"elementor-element elementor-element-3d1dc630 elementor-widget elementor-widget-heading\" data-id=\"3d1dc630\" data-element_type=\"widget\" data-e-type=\"widget\" data-widget_type=\"heading.default\">\n\t\t\t\t<div class=\"elementor-widget-container\">\n\t\t\t\t\t<h3 class=\"elementor-heading-title elementor-size-default\"><a href=\"http:\/\/ONN\">Mentions l\u00e9gales<\/a><\/h3>\t\t\t\t<\/div>\n\t\t\t\t<\/div>\n\t\t\t\t\t<\/div>\n\t\t<\/div>\n\t\t\t\t\t<\/div>\n\t\t<\/section>\n\t\t\t\t<section class=\"elementor-section elementor-top-section elementor-element elementor-element-6795a95f hotel_holidays  animated-slow elementor-section-boxed elementor-section-height-default elementor-section-height-default elementor-invisible\" data-id=\"6795a95f\" data-element_type=\"section\" data-e-type=\"section\" data-settings=\"{&quot;background_background&quot;:&quot;classic&quot;,&quot;animation&quot;:&quot;fadeIn&quot;}\">\n\t\t\t\t\t\t<div class=\"elementor-container elementor-column-gap-default\">\n\t\t\t\t\t<div class=\"elementor-column elementor-col-100 elementor-top-column elementor-element elementor-element-f65cb7\" data-id=\"f65cb7\" data-element_type=\"column\" data-e-type=\"column\">\n\t\t\t<div class=\"elementor-widget-wrap elementor-element-populated\">\n\t\t\t\t\t\t<div class=\"elementor-element elementor-element-439769b4 elementor-widget elementor-widget-text-editor\" data-id=\"439769b4\" data-element_type=\"widget\" data-e-type=\"widget\" data-widget_type=\"text-editor.default\">\n\t\t\t\t<div class=\"elementor-widget-container\">\n\t\t\t\t\t\t\t\t\t<p>\u2022 D\u00e9nomination sociale ou raison sociale : <strong>My Textile Company\u00a0<\/strong><\/p><p>\u2022 Adresse du si\u00e8ge social : <strong>8 rue du Forez Sud &#8211; ZAC de la qu\u00e9rill\u00e8re &#8211; 42170 Saint Just Saint Rambert\u00a0<\/strong><\/p><p>\u2022 Num\u00e9ro de t\u00e9l\u00e9phone et adresse de courrier \u00e9lectronique : <strong>06 71 22 06 01 \/\/ contact@mytextilecompany.com<\/strong><\/p><p>\u2022 Forme juridique de la soci\u00e9t\u00e9: <strong>SAS\u00a0<\/strong><\/p><p>\u2022 Capital social: <strong>20 000 euros\u00a0<\/strong><\/p><p>\u2022 Directeur de la publication : <strong>C\u00e9line Mirandon\u00a0<\/strong><\/p><p>\u2022 H\u00e9bergeur : <strong>OVH &#8211; Si\u00e8ge social : 2 rue Kellermann &#8211; 59100 Roubaix &#8211; France\u00a0<\/strong><\/p><p>Les donn\u00e9es personnelles recueillies sur le site r\u00e9sultent de la communication volontaire d&rsquo;une adresse de courrier \u00e9lectronique lors du d\u00e9p\u00f4t d&rsquo;un message ou d\u2019un abonnement \u00e0 notre newsletter. Les adresses e-mail ainsi recueillies ne servent qu&rsquo;\u00e0 transmettre les \u00e9l\u00e9ments d&rsquo;information demand\u00e9s. Les adresses \u00e9lectroniques collect\u00e9es ne feront l&rsquo;objet d&rsquo;aucune cession \u00e0 des tiers ni d&rsquo;aucun traitement de la part de My Textile Company.\u00a0<\/p><p>Les donn\u00e9es de trafic ont uniquement pour finalit\u00e9 de nous permettre d&rsquo;analyser la fr\u00e9quentation de nos pages d&rsquo;information afin d&rsquo;en am\u00e9liorer le contenu. Les donn\u00e9es relatives \u00e0 la navigation des visiteurs ne sont pas exploit\u00e9es nominativement.\u00a0<\/p>\t\t\t\t\t\t\t\t<\/div>\n\t\t\t\t<\/div>\n\t\t\t\t\t<\/div>\n\t\t<\/div>\n\t\t\t\t\t<\/div>\n\t\t<\/section>\n\t\t\t\t<\/div>\n\t\t","protected":false},"excerpt":{"rendered":"<p>POLITIQUE DE CONFIDENTIALIT\u00c9 Mentions l\u00e9gales \u2022 D\u00e9nomination sociale ou raison sociale : My Textile Company\u00a0 \u2022 Adresse du si\u00e8ge social : 8 rue du Forez Sud &#8211; ZAC de la qu\u00e9rill\u00e8re &#8211; 42170 Saint Just Saint Rambert\u00a0 \u2022 Num\u00e9ro de t\u00e9l\u00e9phone et adresse de courrier \u00e9lectronique : 06 71 22 06 01 \/\/ contact@mytextilecompany.com \u2022 [&hellip;]<\/p>\n","protected":false},"author":1,"featured_media":0,"parent":0,"menu_order":0,"comment_status":"closed","ping_status":"closed","template":"elementor_header_footer","meta":{"_monsterinsights_skip_tracking":false,"_monsterinsights_sitenote_active":false,"_monsterinsights_sitenote_note":"","_monsterinsights_sitenote_category":0,"ocean_post_layout":"","ocean_both_sidebars_style":"","ocean_both_sidebars_content_width":0,"ocean_both_sidebars_sidebars_width":0,"ocean_sidebar":"0","ocean_second_sidebar":"0","ocean_disable_margins":"enable","ocean_add_body_class":"","ocean_shortcode_before_top_bar":"","ocean_shortcode_after_top_bar":"","ocean_shortcode_before_header":"","ocean_shortcode_after_header":"","ocean_has_shortcode":"","ocean_shortcode_after_title":"","ocean_shortcode_before_footer_widgets":"","ocean_shortcode_after_footer_widgets":"","ocean_shortcode_before_footer_bottom":"","ocean_shortcode_after_footer_bottom":"","ocean_display_top_bar":"default","ocean_display_header":"default","ocean_header_style":"","ocean_center_header_left_menu":"0","ocean_custom_header_template":"0","ocean_custom_logo":0,"ocean_custom_retina_logo":0,"ocean_custom_logo_max_width":0,"ocean_custom_logo_tablet_max_width":0,"ocean_custom_logo_mobile_max_width":0,"ocean_custom_logo_max_height":0,"ocean_custom_logo_tablet_max_height":0,"ocean_custom_logo_mobile_max_height":0,"ocean_header_custom_menu":"0","ocean_menu_typo_font_family":"0","ocean_menu_typo_font_subset":"","ocean_menu_typo_font_size":0,"ocean_menu_typo_font_size_tablet":0,"ocean_menu_typo_font_size_mobile":0,"ocean_menu_typo_font_size_unit":"px","ocean_menu_typo_font_weight":"","ocean_menu_typo_font_weight_tablet":"","ocean_menu_typo_font_weight_mobile":"","ocean_menu_typo_transform":"","ocean_menu_typo_transform_tablet":"","ocean_menu_typo_transform_mobile":"","ocean_menu_typo_line_height":0,"ocean_menu_typo_line_height_tablet":0,"ocean_menu_typo_line_height_mobile":0,"ocean_menu_typo_line_height_unit":"","ocean_menu_typo_spacing":0,"ocean_menu_typo_spacing_tablet":0,"ocean_menu_typo_spacing_mobile":0,"ocean_menu_typo_spacing_unit":"","ocean_menu_link_color":"","ocean_menu_link_color_hover":"","ocean_menu_link_color_active":"","ocean_menu_link_background":"","ocean_menu_link_hover_background":"","ocean_menu_link_active_background":"","ocean_menu_social_links_bg":"","ocean_menu_social_hover_links_bg":"","ocean_menu_social_links_color":"","ocean_menu_social_hover_links_color":"","ocean_disable_title":"default","ocean_disable_heading":"default","ocean_post_title":"","ocean_post_subheading":"","ocean_post_title_style":"","ocean_post_title_background_color":"","ocean_post_title_background":0,"ocean_post_title_bg_image_position":"","ocean_post_title_bg_image_attachment":"","ocean_post_title_bg_image_repeat":"","ocean_post_title_bg_image_size":"","ocean_post_title_height":0,"ocean_post_title_bg_overlay":0.5,"ocean_post_title_bg_overlay_color":"","ocean_disable_breadcrumbs":"default","ocean_breadcrumbs_color":"","ocean_breadcrumbs_separator_color":"","ocean_breadcrumbs_links_color":"","ocean_breadcrumbs_links_hover_color":"","ocean_display_footer_widgets":"default","ocean_display_footer_bottom":"default","ocean_custom_footer_template":"0","footnotes":""},"class_list":["post-363","page","type-page","status-publish","hentry","entry"],"_links":{"self":[{"href":"https:\/\/www.mytextilecompany.com\/index.php\/wp-json\/wp\/v2\/pages\/363","targetHints":{"allow":["GET"]}}],"collection":[{"href":"https:\/\/www.mytextilecompany.com\/index.php\/wp-json\/wp\/v2\/pages"}],"about":[{"href":"https:\/\/www.mytextilecompany.com\/index.php\/wp-json\/wp\/v2\/types\/page"}],"author":[{"embeddable":true,"href":"https:\/\/www.mytextilecompany.com\/index.php\/wp-json\/wp\/v2\/users\/1"}],"replies":[{"embeddable":true,"href":"https:\/\/www.mytextilecompany.com\/index.php\/wp-json\/wp\/v2\/comments?post=363"}],"version-history":[{"count":24,"href":"https:\/\/www.mytextilecompany.com\/index.php\/wp-json\/wp\/v2\/pages\/363\/revisions"}],"predecessor-version":[{"id":3539,"href":"https:\/\/www.mytextilecompany.com\/index.php\/wp-json\/wp\/v2\/pages\/363\/revisions\/3539"}],"wp:attachment":[{"href":"https:\/\/www.mytextilecompany.com\/index.php\/wp-json\/wp\/v2\/media?parent=363"}],"curies":[{"name":"wp","href":"https:\/\/api.w.org\/{rel}","templated":true}]}}